{"id":1239,"date":"2021-06-23T21:14:05","date_gmt":"2021-06-23T19:14:05","guid":{"rendered":"https:\/\/keytown.de\/live-video\/"},"modified":"2021-07-05T23:44:53","modified_gmt":"2021-07-05T21:44:53","slug":"live-video","status":"publish","type":"page","link":"https:\/\/keytown.de\/en\/live-video\/","title":{"rendered":"Live-Video"},"content":{"rendered":"\t\t<div data-elementor-type=\"wp-page\" data-elementor-id=\"1239\" class=\"elementor elementor-1239 elementor-541\" data-elementor-post-type=\"page\">\n\t\t\t\t\t\t<section class=\"elementor-section elementor-top-section elementor-element elementor-element-acf7661 elementor-section-boxed elementor-section-height-default elementor-section-height-default\" data-id=\"acf7661\" data-element_type=\"section\" data-e-type=\"section\">\n\t\t\t\t\t\t<div class=\"elementor-container elementor-column-gap-default\">\n\t\t\t\t\t<div class=\"elementor-column elementor-col-100 elementor-top-column elementor-element elementor-element-24eef98\" data-id=\"24eef98\" data-element_type=\"column\" data-e-type=\"column\">\n\t\t\t<div class=\"elementor-widget-wrap elementor-element-populated\">\n\t\t\t\t\t\t<div class=\"elementor-element elementor-element-1917052 elementor-widget elementor-widget-heading\" data-id=\"1917052\" data-element_type=\"widget\" data-e-type=\"widget\" data-widget_type=\"heading.default\">\n\t\t\t\t<div class=\"elementor-widget-container\">\n\t\t\t\t\t<h1 class=\"elementor-heading-title elementor-size-default\">Live video adventure<\/h1>\t\t\t\t<\/div>\n\t\t\t\t<\/div>\n\t\t\t\t\t<\/div>\n\t\t<\/div>\n\t\t\t\t\t<\/div>\n\t\t<\/section>\n\t\t\t\t<section class=\"elementor-section elementor-top-section elementor-element elementor-element-90ee3b5 elementor-section-boxed elementor-section-height-default elementor-section-height-default\" data-id=\"90ee3b5\" data-element_type=\"section\" data-e-type=\"section\">\n\t\t\t\t\t\t<div class=\"elementor-container elementor-column-gap-default\">\n\t\t\t\t\t<div class=\"elementor-column elementor-col-50 elementor-top-column elementor-element elementor-element-a2ff925\" data-id=\"a2ff925\" data-element_type=\"column\" data-e-type=\"column\">\n\t\t\t<div class=\"elementor-widget-wrap elementor-element-populated\">\n\t\t\t\t\t\t<div class=\"elementor-element elementor-element-ec61867 elementor-widget elementor-widget-image\" data-id=\"ec61867\" data-element_type=\"widget\" data-e-type=\"widget\" data-widget_type=\"image.default\">\n\t\t\t\t<div class=\"elementor-widget-container\">\n\t\t\t\t\t\t\t\t\t\t\t\t\t\t\t<img fetchpriority=\"high\" decoding=\"async\" width=\"800\" height=\"600\" src=\"https:\/\/keytown.de\/wp-content\/uploads\/2021\/06\/avatar1818-1024x768.jpeg\" class=\"attachment-large size-large wp-image-1004\" alt=\"\" srcset=\"https:\/\/keytown.de\/wp-content\/uploads\/2021\/06\/avatar1818-1024x768.jpeg 1024w, https:\/\/keytown.de\/wp-content\/uploads\/2021\/06\/avatar1818-300x225.jpeg 300w, https:\/\/keytown.de\/wp-content\/uploads\/2021\/06\/avatar1818-768x576.jpeg 768w, https:\/\/keytown.de\/wp-content\/uploads\/2021\/06\/avatar1818-1536x1152.jpeg 1536w, https:\/\/keytown.de\/wp-content\/uploads\/2021\/06\/avatar1818-600x450.jpeg 600w, https:\/\/keytown.de\/wp-content\/uploads\/2021\/06\/avatar1818.jpeg 2048w\" sizes=\"(max-width: 800px) 100vw, 800px\" \/>\t\t\t\t\t\t\t\t\t\t\t\t\t\t\t<\/div>\n\t\t\t\t<\/div>\n\t\t\t\t\t<\/div>\n\t\t<\/div>\n\t\t\t\t<div class=\"elementor-column elementor-col-50 elementor-top-column elementor-element elementor-element-7535788\" data-id=\"7535788\" data-element_type=\"column\" data-e-type=\"column\">\n\t\t\t<div class=\"elementor-widget-wrap elementor-element-populated\">\n\t\t\t\t\t\t<div class=\"elementor-element elementor-element-3b5e174 elementor-widget elementor-widget-text-editor\" data-id=\"3b5e174\" data-element_type=\"widget\" data-e-type=\"widget\" data-widget_type=\"text-editor.default\">\n\t\t\t\t<div class=\"elementor-widget-container\">\n\t\t\t\t\t\t\t\t\t<p>Our rooms are also playable via Zoom video conferencing, they are basically the same rooms and puzzles, but we have adapted the story and puzzles for this medium. Our players are always thrilled with how close it comes to an on-site experience, yet offers something different again. Where the game master usually supports rather reservedly from the background, here he is an important member of your team and can interact much more personally. It is also interesting how differently puzzles are perceived and solved through the &#8220;camera eyes&#8221; of the avatar. <\/p>\n\t\t\t\t\t\t\t\t<\/div>\n\t\t\t\t<\/div>\n\t\t\t\t\t<\/div>\n\t\t<\/div>\n\t\t\t\t\t<\/div>\n\t\t<\/section>\n\t\t\t\t<section class=\"elementor-section elementor-top-section elementor-element elementor-element-210b480 elementor-section-boxed elementor-section-height-default elementor-section-height-default\" data-id=\"210b480\" data-element_type=\"section\" data-e-type=\"section\">\n\t\t\t\t\t\t<div class=\"elementor-container elementor-column-gap-default\">\n\t\t\t\t\t<div class=\"elementor-column elementor-col-33 elementor-top-column elementor-element elementor-element-b1f45e1\" data-id=\"b1f45e1\" data-element_type=\"column\" data-e-type=\"column\">\n\t\t\t<div class=\"elementor-widget-wrap elementor-element-populated\">\n\t\t\t\t\t\t<div class=\"elementor-element elementor-element-d27b8a3 elementor-position-inline-start elementor-view-default elementor-mobile-position-block-start elementor-widget elementor-widget-icon-box\" data-id=\"d27b8a3\" data-element_type=\"widget\" data-e-type=\"widget\" data-widget_type=\"icon-box.default\">\n\t\t\t\t<div class=\"elementor-widget-container\">\n\t\t\t\t\t\t\t<div class=\"elementor-icon-box-wrapper\">\n\n\t\t\t\t\t\t<div class=\"elementor-icon-box-icon\">\n\t\t\t\t<span  class=\"elementor-icon\">\n\t\t\t\t<i aria-hidden=\"true\" class=\"fas fa-people-arrows\"><\/i>\t\t\t\t<\/span>\n\t\t\t<\/div>\n\t\t\t\n\t\t\t\t\t\t<div class=\"elementor-icon-box-content\">\n\n\t\t\t\t\t\t\t\t\t<h5 class=\"elementor-icon-box-title\">\n\t\t\t\t\t\t<span  >\n\t\t\t\t\t\t\t2-10 player\t\t\t\t\t\t<\/span>\n\t\t\t\t\t<\/h5>\n\t\t\t\t\n\t\t\t\t\n\t\t\t<\/div>\n\t\t\t\n\t\t<\/div>\n\t\t\t\t\t\t<\/div>\n\t\t\t\t<\/div>\n\t\t\t\t<div class=\"elementor-element elementor-element-7040971 elementor-position-inline-start elementor-view-default elementor-mobile-position-block-start elementor-widget elementor-widget-icon-box\" data-id=\"7040971\" data-element_type=\"widget\" data-e-type=\"widget\" data-widget_type=\"icon-box.default\">\n\t\t\t\t<div class=\"elementor-widget-container\">\n\t\t\t\t\t\t\t<div class=\"elementor-icon-box-wrapper\">\n\n\t\t\t\t\t\t<div class=\"elementor-icon-box-icon\">\n\t\t\t\t<span  class=\"elementor-icon\">\n\t\t\t\t<i aria-hidden=\"true\" class=\"far fa-clock\"><\/i>\t\t\t\t<\/span>\n\t\t\t<\/div>\n\t\t\t\n\t\t\t\t\t\t<div class=\"elementor-icon-box-content\">\n\n\t\t\t\t\t\t\t\t\t<h5 class=\"elementor-icon-box-title\">\n\t\t\t\t\t\t<span  >\n\t\t\t\t\t\t\t60 minutes\t\t\t\t\t\t<\/span>\n\t\t\t\t\t<\/h5>\n\t\t\t\t\n\t\t\t\t\n\t\t\t<\/div>\n\t\t\t\n\t\t<\/div>\n\t\t\t\t\t\t<\/div>\n\t\t\t\t<\/div>\n\t\t\t\t\t<\/div>\n\t\t<\/div>\n\t\t\t\t<div class=\"elementor-column elementor-col-33 elementor-top-column elementor-element elementor-element-efa36ef\" data-id=\"efa36ef\" data-element_type=\"column\" data-e-type=\"column\">\n\t\t\t<div class=\"elementor-widget-wrap elementor-element-populated\">\n\t\t\t\t\t\t<div class=\"elementor-element elementor-element-afcb5ce elementor-align-center elementor-widget elementor-widget-button\" data-id=\"afcb5ce\" data-element_type=\"widget\" data-e-type=\"widget\" data-widget_type=\"button.default\">\n\t\t\t\t<div class=\"elementor-widget-container\">\n\t\t\t\t\t\t\t\t\t<div class=\"elementor-button-wrapper\">\n\t\t\t\t\t<a class=\"elementor-button elementor-button-link elementor-size-xl\" href=\"https:\/\/keytown.de\/en\/bookings\/\">\n\t\t\t\t\t\t<span class=\"elementor-button-content-wrapper\">\n\t\t\t\t\t\t\t\t\t<span class=\"elementor-button-text\">Book now<\/span>\n\t\t\t\t\t<\/span>\n\t\t\t\t\t<\/a>\n\t\t\t\t<\/div>\n\t\t\t\t\t\t\t\t<\/div>\n\t\t\t\t<\/div>\n\t\t\t\t\t<\/div>\n\t\t<\/div>\n\t\t\t\t<div class=\"elementor-column elementor-col-33 elementor-top-column elementor-element elementor-element-2a82dee\" data-id=\"2a82dee\" data-element_type=\"column\" data-e-type=\"column\">\n\t\t\t<div class=\"elementor-widget-wrap elementor-element-populated\">\n\t\t\t\t\t\t<div class=\"elementor-element elementor-element-1196dba elementor-arrows-yes elementor-pagination-type-bullets elementor--star-style-star_fontawesome elementor-widget elementor-widget-reviews\" data-id=\"1196dba\" data-element_type=\"widget\" data-e-type=\"widget\" data-settings=\",&quot;space_between_tablet&quot;:{&quot;unit&quot;:&quot;px&quot;,&quot;size&quot;:10,&quot;sizes&quot;:[]},&quot;space_between_mobile&quot;:{&quot;unit&quot;:&quot;px&quot;,&quot;size&quot;:10,&quot;sizes&quot;:[]}}\" data-widget_type=\"reviews.default\">\n\t\t\t\t<div class=\"elementor-widget-container\">\n\t\t\t\t\t\t\t\t\t<div class=\"elementor-swiper\">\n\t\t\t\t\t<div class=\"elementor-main-swiper swiper\" role=\"region\" aria-roledescription=\"carousel\" aria-label=\"Slides\">\n\t\t\t\t<div class=\"swiper-wrapper\">\n\t\t\t\t\t\t\t\t\t\t\t<div class=\"swiper-slide\" role=\"group\" aria-roledescription=\"slide\">\n\t\t\t\t\t\t\t\t\t<div class=\"elementor-testimonial elementor-repeater-item-2910f82\">\n\t\t\t\t\t\t\t<a class=\"elementor-testimonial__header\" href=\"https:\/\/www.tripadvisor.de\/ShowUserReviews-g187390-d13815120-r784116544-KeyTown-Kaiserslautern_Rhineland_Palatinate.html\">\n\t\t\t\t\t\t\t\t\t\t<cite class=\"elementor-testimonial__cite\"><span class=\"elementor-testimonial__name\">germanelevators<\/span><div class=\"elementor-star-rating\"><i class=\"elementor-star-full\">&#xE934;<\/i><i class=\"elementor-star-full\">&#xE934;<\/i><i class=\"elementor-star-full\">&#xE934;<\/i><i class=\"elementor-star-full\">&#xE934;<\/i><i class=\"elementor-star-full\">&#xE934;<\/i><\/div><span class=\"elementor-testimonial__title\">Live-Video-Escaperoom<\/span><\/cite>\t\t\t\t\t<div class=\"elementor-testimonial__icon elementor-icon elementor-icon-tripadvisor\" aria-label=\"Read More\"><i aria-hidden=\"true\" class=\"fab fa-tripadvisor\"><\/i><\/div>\t\t\t\t<\/a>\n\t\t\t\t\t\t\t\t\t\t<div class=\"elementor-testimonial__content\">\n\t\t\t\t\t<div class=\"elementor-testimonial__text\">\n\t\t\t\t\t\tKaiserslautern ist nicht bei uns vor der Haust\u00fcr und jetzt zu Pandemie ist das Live Vorort spielen sowie so ersteinmal ausgeschlossen. Aber neben den R\u00e4tsel-Tisch (der unbedingt noch getestet werden muss) bietet keytown 2 reale R\u00e4ume als Live-Video-Escaperoom an. Hierbei befindet sich ein Avatar im Escaperoom der \u00fcber Zoom Anweisungen entgegen nimmt und von den Spielern durch den Escaperoom gelotst wird.\nWir haben diese Art von Spielen in der Lockdownzeit f\u00fcr uns entdeckt und sogut wie alle deutschen R\u00e4ume bereits gespielt.\nKeytown ist hierbei einer der besten Anbieter mit 2 R\u00e4umen die Unterschiedlicher nicht sein k\u00f6nnten aber mit soviel Liebe zum Detail gebaut wurden, dass man es bedauert nicht live vor Ort zu sein !\nDie Umsetzung als Live-Video-Escaperoom ist mehr als gelungen und Grade der \"Rettet die Welt\" Raum punktet zus\u00e4tzlich mit technischer Raffinesse! Wir hatten sehr viel Spa\u00df und die Betreiber haben sich viel Zeit f\u00fcr uns genommen und uns im Nachhinein noch Fragen beantwortet und ein Blick hinter die Kulissen werfen lassen.\nKann nur jedem empfehlen es auszuprobieren!\t\t\t\t\t<\/div>\n\t\t\t\t<\/div>\n\t\t\t\t\t<\/div>\n\t\t\t\t\t\t\t\t<\/div>\n\t\t\t\t\t\t\t\t\t\t\t<div class=\"swiper-slide\" role=\"group\" aria-roledescription=\"slide\">\n\t\t\t\t\t\t\t\t\t<div class=\"elementor-testimonial elementor-repeater-item-3811b80\">\n\t\t\t\t\t\t\t<a class=\"elementor-testimonial__header\" href=\"https:\/\/www.google.com\/maps\/contrib\/106876225422185567952\/place\/ChIJcV2qXq0SlkcRp7omLrOCfMI\/@22.4831366,37.8574508,3z\/data=!4m6!1m5!8m4!1e1!2s106876225422185567952!3m1!1e1?hl=de-DE\">\n\t\t\t\t\t\t\t\t\t\t<cite class=\"elementor-testimonial__cite\"><span class=\"elementor-testimonial__name\">Dominik W\u00f6rner<\/span><div class=\"elementor-star-rating\"><i class=\"elementor-star-full\">&#xE934;<\/i><i class=\"elementor-star-full\">&#xE934;<\/i><i class=\"elementor-star-full\">&#xE934;<\/i><i class=\"elementor-star-full\">&#xE934;<\/i><i class=\"elementor-star-full\">&#xE934;<\/i><\/div><\/cite>\t\t\t\t\t<div class=\"elementor-testimonial__icon elementor-icon elementor-icon-google-plus\" aria-label=\"Read More\"><i aria-hidden=\"true\" class=\"fab fa-google-plus\"><\/i><\/div>\t\t\t\t<\/a>\n\t\t\t\t\t\t\t\t\t\t<div class=\"elementor-testimonial__content\">\n\t\t\t\t\t<div class=\"elementor-testimonial__text\">\n\t\t\t\t\t\tWir haben den Raum \"1818:Rettet die Union\" online per Zoom gespielt. Es hat sehr viel Spa\u00df gemacht, technisch gut umgesetzt und ist eine willkommene Abwechslung.\t\t\t\t\t<\/div>\n\t\t\t\t<\/div>\n\t\t\t\t\t<\/div>\n\t\t\t\t\t\t\t\t<\/div>\n\t\t\t\t\t\t\t\t\t<\/div>\n\t\t\t\t\t\t\t\t\t\t\t\t\t\t\t<div class=\"elementor-swiper-button elementor-swiper-button-prev\" role=\"button\" tabindex=\"0\" aria-label=\"Previous\">\n\t\t\t\t\t\t\t<i aria-hidden=\"true\" class=\"eicon-chevron-left\"><\/i>\t\t\t\t\t\t<\/div>\n\t\t\t\t\t\t<div class=\"elementor-swiper-button elementor-swiper-button-next\" role=\"button\" tabindex=\"0\" aria-label=\"Next\">\n\t\t\t\t\t\t\t<i aria-hidden=\"true\" class=\"eicon-chevron-right\"><\/i>\t\t\t\t\t\t<\/div>\n\t\t\t\t\t\t\t\t\t\t\t\t\t\t\t\t<div class=\"swiper-pagination\"><\/div>\n\t\t\t\t\t\t\t\t\t\t\t\t<\/div>\n\t\t\t\t<\/div>\n\t\t\t\t\t\t\t\t<\/div>\n\t\t\t\t<\/div>\n\t\t\t\t\t<\/div>\n\t\t<\/div>\n\t\t\t\t\t<\/div>\n\t\t<\/section>\n\t\t\t\t<\/div>\n\t\t","protected":false},"excerpt":{"rendered":"<p>Live video adventure Our rooms are also playable via Zoom video conferencing, they are basically the same rooms and puzzles, but we have adapted the story and puzzles for this medium. Our players are always thrilled with how close it comes to an on-site experience, yet offers something different again. Where the game master usually [&hellip;]<\/p>\n","protected":false},"author":1,"featured_media":0,"parent":0,"menu_order":0,"comment_status":"closed","ping_status":"closed","template":"","meta":{"footnotes":""},"class_list":["post-1239","page","type-page","status-publish","hentry"],"yoast_head":"<!-- This site is optimized with the Yoast SEO plugin v27.4 - https:\/\/yoast.com\/product\/yoast-seo-wordpress\/ -->\n<title>Live-Video &#8902; KeyTown Kaiserslautern<\/title>\n<meta name=\"robots\" content=\"index, follow, max-snippet:-1, max-image-preview:large, max-video-preview:-1\" \/>\n<link rel=\"canonical\" href=\"https:\/\/keytown.de\/en\/live-video\/\" \/>\n<meta property=\"og:locale\" content=\"en_US\" \/>\n<meta property=\"og:type\" content=\"article\" \/>\n<meta property=\"og:title\" content=\"Live-Video &#8902; KeyTown Kaiserslautern\" \/>\n<meta property=\"og:description\" content=\"Live video adventure Our rooms are also playable via Zoom video conferencing, they are basically the same rooms and puzzles, but we have adapted the story and puzzles for this medium. Our players are always thrilled with how close it comes to an on-site experience, yet offers something different again. Where the game master usually [&hellip;]\" \/>\n<meta property=\"og:url\" content=\"https:\/\/keytown.de\/en\/live-video\/\" \/>\n<meta property=\"og:site_name\" content=\"KeyTown Kaiserslautern\" \/>\n<meta property=\"article:publisher\" content=\"https:\/\/www.facebook.com\/KeyTown.KL\" \/>\n<meta property=\"article:modified_time\" content=\"2021-07-05T21:44:53+00:00\" \/>\n<meta property=\"og:image\" content=\"https:\/\/keytown.de\/wp-content\/uploads\/2021\/06\/avatar1818-1024x768.jpeg\" \/>\n<meta name=\"twitter:card\" content=\"summary_large_image\" \/>\n<meta name=\"twitter:label1\" content=\"Est. reading time\" \/>\n\t<meta name=\"twitter:data1\" content=\"2 minutes\" \/>\n<script type=\"application\/ld+json\" class=\"yoast-schema-graph\">{\"@context\":\"https:\\\/\\\/schema.org\",\"@graph\":[{\"@type\":\"WebPage\",\"@id\":\"https:\\\/\\\/keytown.de\\\/en\\\/live-video\\\/\",\"url\":\"https:\\\/\\\/keytown.de\\\/en\\\/live-video\\\/\",\"name\":\"Live-Video &#8902; KeyTown Kaiserslautern\",\"isPartOf\":{\"@id\":\"https:\\\/\\\/keytown.de\\\/#website\"},\"primaryImageOfPage\":{\"@id\":\"https:\\\/\\\/keytown.de\\\/en\\\/live-video\\\/#primaryimage\"},\"image\":{\"@id\":\"https:\\\/\\\/keytown.de\\\/en\\\/live-video\\\/#primaryimage\"},\"thumbnailUrl\":\"https:\\\/\\\/keytown.de\\\/wp-content\\\/uploads\\\/2021\\\/06\\\/avatar1818-1024x768.jpeg\",\"datePublished\":\"2021-06-23T19:14:05+00:00\",\"dateModified\":\"2021-07-05T21:44:53+00:00\",\"breadcrumb\":{\"@id\":\"https:\\\/\\\/keytown.de\\\/en\\\/live-video\\\/#breadcrumb\"},\"inLanguage\":\"en-US\",\"potentialAction\":[{\"@type\":\"ReadAction\",\"target\":[\"https:\\\/\\\/keytown.de\\\/en\\\/live-video\\\/\"]}]},{\"@type\":\"ImageObject\",\"inLanguage\":\"en-US\",\"@id\":\"https:\\\/\\\/keytown.de\\\/en\\\/live-video\\\/#primaryimage\",\"url\":\"https:\\\/\\\/keytown.de\\\/wp-content\\\/uploads\\\/2021\\\/06\\\/avatar1818-1024x768.jpeg\",\"contentUrl\":\"https:\\\/\\\/keytown.de\\\/wp-content\\\/uploads\\\/2021\\\/06\\\/avatar1818-1024x768.jpeg\"},{\"@type\":\"BreadcrumbList\",\"@id\":\"https:\\\/\\\/keytown.de\\\/en\\\/live-video\\\/#breadcrumb\",\"itemListElement\":[{\"@type\":\"ListItem\",\"position\":1,\"name\":\"Startseite\",\"item\":\"https:\\\/\\\/keytown.de\\\/\"},{\"@type\":\"ListItem\",\"position\":2,\"name\":\"Live-Video\"}]},{\"@type\":\"WebSite\",\"@id\":\"https:\\\/\\\/keytown.de\\\/#website\",\"url\":\"https:\\\/\\\/keytown.de\\\/\",\"name\":\"KeyTown Kaiserslautern - Escape-Rooms\",\"description\":\"Wir lieben R\u00e4tsel\",\"publisher\":{\"@id\":\"https:\\\/\\\/keytown.de\\\/#organization\"},\"potentialAction\":[{\"@type\":\"SearchAction\",\"target\":{\"@type\":\"EntryPoint\",\"urlTemplate\":\"https:\\\/\\\/keytown.de\\\/?s={search_term_string}\"},\"query-input\":{\"@type\":\"PropertyValueSpecification\",\"valueRequired\":true,\"valueName\":\"search_term_string\"}}],\"inLanguage\":\"en-US\"},{\"@type\":\"Organization\",\"@id\":\"https:\\\/\\\/keytown.de\\\/#organization\",\"name\":\"KeyTown Kaiserslautern\",\"url\":\"https:\\\/\\\/keytown.de\\\/\",\"logo\":{\"@type\":\"ImageObject\",\"inLanguage\":\"en-US\",\"@id\":\"https:\\\/\\\/keytown.de\\\/#\\\/schema\\\/logo\\\/image\\\/\",\"url\":\"https:\\\/\\\/keytown.de\\\/wp-content\\\/uploads\\\/2021\\\/06\\\/keytown_icon.png\",\"contentUrl\":\"https:\\\/\\\/keytown.de\\\/wp-content\\\/uploads\\\/2021\\\/06\\\/keytown_icon.png\",\"width\":517,\"height\":543,\"caption\":\"KeyTown Kaiserslautern\"},\"image\":{\"@id\":\"https:\\\/\\\/keytown.de\\\/#\\\/schema\\\/logo\\\/image\\\/\"},\"sameAs\":[\"https:\\\/\\\/www.facebook.com\\\/KeyTown.KL\",\"https:\\\/\\\/www.instagram.com\\\/keytown.kl\",\"https:\\\/\\\/www.youtube.com\\\/channel\\\/UCgQVYEGdqzAuvty7pQU074w\"]}]}<\/script>\n<!-- \/ Yoast SEO plugin. -->","yoast_head_json":{"title":"Live-Video &#8902; KeyTown Kaiserslautern","robots":{"index":"index","follow":"follow","max-snippet":"max-snippet:-1","max-image-preview":"max-image-preview:large","max-video-preview":"max-video-preview:-1"},"canonical":"https:\/\/keytown.de\/en\/live-video\/","og_locale":"en_US","og_type":"article","og_title":"Live-Video &#8902; KeyTown Kaiserslautern","og_description":"Live video adventure Our rooms are also playable via Zoom video conferencing, they are basically the same rooms and puzzles, but we have adapted the story and puzzles for this medium. Our players are always thrilled with how close it comes to an on-site experience, yet offers something different again. Where the game master usually [&hellip;]","og_url":"https:\/\/keytown.de\/en\/live-video\/","og_site_name":"KeyTown Kaiserslautern","article_publisher":"https:\/\/www.facebook.com\/KeyTown.KL","article_modified_time":"2021-07-05T21:44:53+00:00","og_image":[{"url":"https:\/\/keytown.de\/wp-content\/uploads\/2021\/06\/avatar1818-1024x768.jpeg","type":"","width":"","height":""}],"twitter_card":"summary_large_image","twitter_misc":{"Est. reading time":"2 minutes"},"schema":{"@context":"https:\/\/schema.org","@graph":[{"@type":"WebPage","@id":"https:\/\/keytown.de\/en\/live-video\/","url":"https:\/\/keytown.de\/en\/live-video\/","name":"Live-Video &#8902; KeyTown Kaiserslautern","isPartOf":{"@id":"https:\/\/keytown.de\/#website"},"primaryImageOfPage":{"@id":"https:\/\/keytown.de\/en\/live-video\/#primaryimage"},"image":{"@id":"https:\/\/keytown.de\/en\/live-video\/#primaryimage"},"thumbnailUrl":"https:\/\/keytown.de\/wp-content\/uploads\/2021\/06\/avatar1818-1024x768.jpeg","datePublished":"2021-06-23T19:14:05+00:00","dateModified":"2021-07-05T21:44:53+00:00","breadcrumb":{"@id":"https:\/\/keytown.de\/en\/live-video\/#breadcrumb"},"inLanguage":"en-US","potentialAction":[{"@type":"ReadAction","target":["https:\/\/keytown.de\/en\/live-video\/"]}]},{"@type":"ImageObject","inLanguage":"en-US","@id":"https:\/\/keytown.de\/en\/live-video\/#primaryimage","url":"https:\/\/keytown.de\/wp-content\/uploads\/2021\/06\/avatar1818-1024x768.jpeg","contentUrl":"https:\/\/keytown.de\/wp-content\/uploads\/2021\/06\/avatar1818-1024x768.jpeg"},{"@type":"BreadcrumbList","@id":"https:\/\/keytown.de\/en\/live-video\/#breadcrumb","itemListElement":[{"@type":"ListItem","position":1,"name":"Startseite","item":"https:\/\/keytown.de\/"},{"@type":"ListItem","position":2,"name":"Live-Video"}]},{"@type":"WebSite","@id":"https:\/\/keytown.de\/#website","url":"https:\/\/keytown.de\/","name":"KeyTown Kaiserslautern - Escape-Rooms","description":"Wir lieben R\u00e4tsel","publisher":{"@id":"https:\/\/keytown.de\/#organization"},"potentialAction":[{"@type":"SearchAction","target":{"@type":"EntryPoint","urlTemplate":"https:\/\/keytown.de\/?s={search_term_string}"},"query-input":{"@type":"PropertyValueSpecification","valueRequired":true,"valueName":"search_term_string"}}],"inLanguage":"en-US"},{"@type":"Organization","@id":"https:\/\/keytown.de\/#organization","name":"KeyTown Kaiserslautern","url":"https:\/\/keytown.de\/","logo":{"@type":"ImageObject","inLanguage":"en-US","@id":"https:\/\/keytown.de\/#\/schema\/logo\/image\/","url":"https:\/\/keytown.de\/wp-content\/uploads\/2021\/06\/keytown_icon.png","contentUrl":"https:\/\/keytown.de\/wp-content\/uploads\/2021\/06\/keytown_icon.png","width":517,"height":543,"caption":"KeyTown Kaiserslautern"},"image":{"@id":"https:\/\/keytown.de\/#\/schema\/logo\/image\/"},"sameAs":["https:\/\/www.facebook.com\/KeyTown.KL","https:\/\/www.instagram.com\/keytown.kl","https:\/\/www.youtube.com\/channel\/UCgQVYEGdqzAuvty7pQU074w"]}]}},"_links":{"self":[{"href":"https:\/\/keytown.de\/en\/wp-json\/wp\/v2\/pages\/1239","targetHints":{"allow":["GET"]}}],"collection":[{"href":"https:\/\/keytown.de\/en\/wp-json\/wp\/v2\/pages"}],"about":[{"href":"https:\/\/keytown.de\/en\/wp-json\/wp\/v2\/types\/page"}],"author":[{"embeddable":true,"href":"https:\/\/keytown.de\/en\/wp-json\/wp\/v2\/users\/1"}],"replies":[{"embeddable":true,"href":"https:\/\/keytown.de\/en\/wp-json\/wp\/v2\/comments?post=1239"}],"version-history":[{"count":3,"href":"https:\/\/keytown.de\/en\/wp-json\/wp\/v2\/pages\/1239\/revisions"}],"predecessor-version":[{"id":1243,"href":"https:\/\/keytown.de\/en\/wp-json\/wp\/v2\/pages\/1239\/revisions\/1243"}],"wp:attachment":[{"href":"https:\/\/keytown.de\/en\/wp-json\/wp\/v2\/media?parent=1239"}],"curies":[{"name":"wp","href":"https:\/\/api.w.org\/{rel}","templated":true}]}}